{"id":1707,"date":"2025-10-07T16:34:54","date_gmt":"2025-10-07T14:34:54","guid":{"rendered":"http:\/\/www.thermodynamx.ch\/buechi-lyovaportm-l-300\/"},"modified":"2025-11-11T11:17:15","modified_gmt":"2025-11-11T10:17:15","slug":"buechi-lyovaportm-l-300","status":"publish","type":"page","link":"https:\/\/www.thermodynamx.ch\/en\/buechi-lyovaportm-l-300\/","title":{"rendered":"B\u00fcchi LyovaporTM\u00a0L-300"},"content":{"rendered":"\n\t<section id=\"intro-text-block_6866a0df97379470b2c026f16e7ee8c2\" class=\"intro-text\">\n\t\t<div class=\"container\">\n\n\t\t\t<h1><span style=\"font-size: 70px;\">B\u00fcchi Lyovapor<sup data-preserve-html-node=\"true\">TM<\/sup>\u00a0L-300<\/span><\/h1>\n<div class=\"col sqs-col-4 span-4\">\n<div id=\"block-85428b7df94bb70d17d3\" class=\"sqs-block html-block sqs-block-html\" data-block-type=\"2\" data-sqsp-block=\"text\">\n<div class=\"sqs-block-content\">\n<div class=\"sqs-html-content\" data-sqsp-text-block-content=\"\">\n<h3>Natural refrigerant with GWP 3 and zero ozone depletion potential.<\/h3>\n<h3>500W cooling capacity at a temperature of -105\u00b0C<\/h3>\n<h3>\nSwitchable evaporators for continuous operation<\/h3>\n<\/div>\n<\/div>\n<\/div>\n<\/div>\n<img decoding=\"async\" src=\"https:\/\/www.thermodynamx.ch\/wp-content\/uploads\/images\/L-300.jpg\" alt=\"\" \/>\n\t\t<\/div>\n\t\t<!-- \/.container -->\n\n\t\t<div class=\"intro-text-bottom\"><div class=\"container container--narrow\"><div class=\"image-title-wrapper\">\n<div class=\"image-title sqs-dynamic-text\" data-width-percentage=\"31.3\">\n<h2>First freeze dryer for continuous sublimation<\/h2>\n<\/div>\n<\/div>\n<div class=\"image-subtitle-wrapper\">\n<div class=\"image-subtitle sqs-dynamic-text\" data-width-percentage=\"31.3\">\n<p class=\"sqsrte-large\">As the market leader in laboratory evaporation, B\u00dcCHI offers the first laboratory freeze dryer with Infinite-Technology\u2122 and Infinite-Control\u2122.<\/p>\n<\/div>\n<\/div>\n<\/div>\n\t\t\t<!-- \/.container container--narrow --><\/div><!-- \/.intro-text-bottom -->\n\t\t\t<\/section> <!--  .intro-text -->\n\n\n\n\n\t\t<section id=\"content-block_bf6bfb804d393b98bf5ea2b3755db161\" class=\"content\" style=\"background-color: #FFFFFF;\">\n\t\t\t<div class=\"container\">\n\t\t\t\t<div class=\"flex-row\">\n\n\t\t\t\t\t\n\t\t\t\t\t\t<div class=\"col-12\">\n\n\t\t\t\t\t\t\t<div class=\"col sqs-col-6 span-6\">\n<div id=\"block-5d6dcabc6b20586a747f\" class=\"sqs-block html-block sqs-block-html\" data-block-type=\"2\" data-sqsp-block=\"text\">\n<div class=\"sqs-block-content\">\n<div class=\"sqs-html-content\" data-sqsp-text-block-content=\"\">\n<h4>Special features<\/h4>\n<ul data-rte-list=\"default\">\n<li>\n<p class=\"\">Hermetically sealed<\/p>\n<\/li>\n<li>\n<p class=\"\">Approved according to IEC61010-2-011<\/p>\n<\/li>\n<li>\n<p class=\"\">Switchable evaporators<\/p>\n<\/li>\n<li>\n<p class=\"\">Water- and\/or air-cooled refrigeration system in a single unit<\/p>\n<\/li>\n<\/ul>\n<\/div>\n<\/div>\n<\/div>\n<\/div>\n<p>&nbsp;<\/p>\n\t\t\t\t\t\t<\/div>\n\t\t\t\t\t\t<!--  .col-12 -->\n\n\t\t\t\t\t\n\t\t\t\t\t\t<div class=\"col-12\">\n\n\t\t\t\t\t\t\t<h4>Technical specifications<\/h4>\n<ul data-rte-list=\"default\">\n<li>\n<p class=\"\">Cooling capacity: 500 W<\/p>\n<\/li>\n<li>\n<p class=\"\">Evaporation temperature: -105\u00b0C<\/p>\n<\/li>\n<li>\n<p class=\"\">Max. ambient temperature: +30\u00b0C<\/p>\n<\/li>\n<li>\n<p class=\"\">Refrigerant: R1150<\/p>\n<\/li>\n<li>\n<p class=\"\">Filling quantity: &lt;100g<\/p>\n<\/li>\n<\/ul>\n\t\t\t\t\t\t<\/div>\n\t\t\t\t\t\t<!--  .col-12 -->\n\n\t\t\t\t\t\n\t\t\t\t\t\t<div class=\"col-6@md\">\n\n\t\t\t\t\t\t\t<h4>The Situation<\/h4>\n<p class=\"\">B\u00fcchi Labortechnik AG intends to expand its product range and expertise in the field of laboratory sample analysis to include freeze-drying. To this end, continuous freeze-drying systems are to be developed.<\/p>\n<div class=\"col sqs-col-6 span-6\">\n<div id=\"block-3110e1d26c013edc40dd\" class=\"sqs-block html-block sqs-block-html\" data-block-type=\"2\" data-sqsp-block=\"text\">\n<div class=\"sqs-block-content\">\n<div class=\"sqs-html-content\" data-sqsp-text-block-content=\"\"><\/div>\n<\/div>\n<\/div>\n<\/div>\n<p>&nbsp;<\/p>\n\t\t\t\t\t\t<\/div>\n\t\t\t\t\t\t<!--  .col-6@md -->\n\n\t\t\t\t\t\n\t\t\t\t\t\t<div class=\"col-12\">\n\n\t\t\t\t\t\t\t<h4>The challenge<\/h4>\n<p>For the successful implementation of the new system, we had to take the following criteria into account, among others:<\/p>\n<p>500 W power at an evaporation temperature of -105 \u00b0C<\/p>\n<p>Filling quantity &lt; 100 g<\/p>\n<p>Very compact design<\/p>\n<p>Performance even at high ambient temperatures<\/p>\n<p>Switchable evaporator<\/p>\n<p>Flammable refrigerant is used in the low-temperature stage of the L-300. The biggest challenge was to keep the filling quantity below 100 g so that the devices would be approved for air transport. Other challenges included oil management, ensuring a safe shutdown pressure, trouble-free start-up behavior, and efficient control of the refrigeration system.<\/p>\n<p class=\"\">ren das \u00d6lmanagement, die Gew\u00e4hrleistung eines sicheren Stillstanddrucks, st\u00f6rungsfreies Anlaufverhalten und effiziente Regelung der K\u00e4lteanlage.<\/p>\n\t\t\t\t\t\t<\/div>\n\t\t\t\t\t\t<!--  .col-12 -->\n\n\t\t\t\t\t\n\t\t\t\t\t\t<div class=\"col-12\">\n\n\t\t\t\t\t\t\t<h4>The Result<\/h4>\n<p>The heart of the L-300 is undoubtedly its two-stage cascade refrigeration system with a cooling capacity equivalent to 12 kg of ice in 24 hours at an evaporation temperature of -105\u00b0C. With these performance characteristics, B\u00fcchi Laboratory Equipment is more than on a par with its competitors in this product segment. As a special feature, the two built-in evaporators \u2013 ice condensers \u2013 can be operated sequentially or in parallel. This function enables the customer to perform continuous freeze drying.<\/p>\n<p>The L-300 is equipped with an air and water condenser as standard, ensuring easy installation and commissioning. The water cooler relieves the air condenser at high ambient temperatures, thus enabling efficient operation and maximum performance of the refrigeration system.<\/p>\n\t\t\t\t\t\t<\/div>\n\t\t\t\t\t\t<!--  .col-12 -->\n\n\t\t\t\t\t\n\t\t\t\t\t\t<div class=\"col-12\">\n\n\t\t\t\t\t\t\t<div id=\"block-f0122b319dd72135de2b\" class=\"sqs-block html-block sqs-block-html\" data-block-type=\"2\" data-sqsp-block=\"text\">\n<div class=\"sqs-block-content\">\n<div class=\"sqs-html-content\" data-sqsp-text-block-content=\"\">\n<h4><strong>Lyovapor\u2122 L-300 proves itself on the market<\/strong><\/h4>\n<p>As the market leader in laboratory evaporation, B\u00dcCHI offers the first laboratory freeze dryer with Infinite-Technology\u2122 and Infinite-Control\u2122. The range of applications extends from research and development to quality assurance in a wide spectrum of market segments. B\u00dcCHI solutions are characterized by efficiency and practicality.<\/p>\n<p>We are delighted for our customer and would like to thank them for the excellent cooperation.<\/p>\n<p><a style=\"color: red; font-weight: bold; text-decoration: underline;\" href=\"https:\/\/www.buchi.com\/en\/products\/instruments\/lyovapor-l-300\" target=\"_blank\" rel=\"noopener\"><br \/>\nProductpage Lyovapor L-300<br \/>\n<\/a><\/p>\n<\/div>\n<\/div>\n<\/div>\n\t\t\t\t\t\t<\/div>\n\t\t\t\t\t\t<!--  .col-12 -->\n\n\t\t\t\t\t\n\t\t\t\t<\/div>\n\t\t\t\t<!--  .flex-row -->\n\t\t\t<\/div> <!--  .container -->\n\n\t\t\t\n\t\t<style>\n\t\t\tsection#content-block_bf6bfb804d393b98bf5ea2b3755db161 {\n\t\t\t\tpadding-bottom:154px;\t\t\t}\n\t\t\t\/* TABLET *\/\n\t\t\t@media only screen and (max-width: 768px) {\n\t\t\t\tsection#content-block_bf6bfb804d393b98bf5ea2b3755db161 {\n\t\t\t\t\tpadding-bottom:20px;\t\t\t\t}\n\t\t\t}\n\t\t\t\/* MOBILE *\/\n\t\t\t@media only screen and (max-width: 600px) {\n\t\t\t\tsection#content-block_bf6bfb804d393b98bf5ea2b3755db161 {\n\t\t\t\t\t\t\t\t\t}\n\t\t\t}\n\t\t<\/style>\n\n\t\t\t<\/section>\n\t\t<!--  .content -->\n\n\t\n\n\n\t\t<section id=\"content-block_8ab55169a091765d9e0f47efdfa05544\" class=\"content\" style=\"background-color: #f9f9f9;\">\n\t\t\t<div class=\"container\">\n\t\t\t\t<div class=\"flex-row\">\n\n\t\t\t\t\t\n\t\t\t\t\t\t<div class=\"col-12\">\n\n\t\t\t\t\t\t\t<h2 style=\"text-align: center;\"><span class=\"sqsrte-text-color--custom\" style=\"font-size: 70px;\"><strong>Cool solutions for hot results.<\/strong><\/span><\/h2>\n<p style=\"text-align: center;\">We always step in when thermally complex, sustainable, and market-ready solutions are needed.<br \/>\nWe always step in when thermally complex, sustainable, and market-ready solutions are needed.<\/p>\n<p style=\"text-align: center;\"><a class=\"btn btn-primary\" href=\"http:\/\/www.thermodynamx.ch\/en\/offer\/\" target=\"_blank\" rel=\"noopener\">Our Offers<\/a><\/p>\n\t\t\t\t\t\t<\/div>\n\t\t\t\t\t\t<!--  .col-12 -->\n\n\t\t\t\t\t\n\t\t\t\t<\/div>\n\t\t\t\t<!--  .flex-row -->\n\t\t\t<\/div> <!--  .container -->\n\n\t\t\t\n\t\t<style>\n\t\t\tsection#content-block_8ab55169a091765d9e0f47efdfa05544 {\n\t\t\t\tpadding-bottom:80px;\t\t\t}\n\t\t\t\/* TABLET *\/\n\t\t\t@media only screen and (max-width: 768px) {\n\t\t\t\tsection#content-block_8ab55169a091765d9e0f47efdfa05544 {\n\t\t\t\t\t\t\t\t\t}\n\t\t\t}\n\t\t\t\/* MOBILE *\/\n\t\t\t@media only screen and (max-width: 600px) {\n\t\t\t\tsection#content-block_8ab55169a091765d9e0f47efdfa05544 {\n\t\t\t\t\t\t\t\t\t}\n\t\t\t}\n\t\t<\/style>\n\n\t\t\t<\/section>\n\t\t<!--  .content -->\n\n\t","protected":false},"excerpt":{"rendered":"","protected":false},"author":5,"featured_media":0,"parent":0,"menu_order":0,"comment_status":"closed","ping_status":"closed","template":"","meta":{"_acf_changed":false,"_seopress_robots_primary_cat":"","_seopress_titles_title":"","_seopress_titles_desc":"","_seopress_robots_index":"","footnotes":""},"class_list":["post-1707","page","type-page","status-publish","hentry","no-post-thumbnail","post-count-1"],"acf":[],"_links":{"self":[{"href":"https:\/\/www.thermodynamx.ch\/en\/wp-json\/wp\/v2\/pages\/1707","targetHints":{"allow":["GET"]}}],"collection":[{"href":"https:\/\/www.thermodynamx.ch\/en\/wp-json\/wp\/v2\/pages"}],"about":[{"href":"https:\/\/www.thermodynamx.ch\/en\/wp-json\/wp\/v2\/types\/page"}],"author":[{"embeddable":true,"href":"https:\/\/www.thermodynamx.ch\/en\/wp-json\/wp\/v2\/users\/5"}],"replies":[{"embeddable":true,"href":"https:\/\/www.thermodynamx.ch\/en\/wp-json\/wp\/v2\/comments?post=1707"}],"version-history":[{"count":4,"href":"https:\/\/www.thermodynamx.ch\/en\/wp-json\/wp\/v2\/pages\/1707\/revisions"}],"predecessor-version":[{"id":1970,"href":"https:\/\/www.thermodynamx.ch\/en\/wp-json\/wp\/v2\/pages\/1707\/revisions\/1970"}],"wp:attachment":[{"href":"https:\/\/www.thermodynamx.ch\/en\/wp-json\/wp\/v2\/media?parent=1707"}],"curies":[{"name":"wp","href":"https:\/\/api.w.org\/{rel}","templated":true}]}}