{"id":1733,"date":"2025-10-06T16:52:13","date_gmt":"2025-10-06T14:52:13","guid":{"rendered":"http:\/\/www.thermodynamx.ch\/p-84-the-art-of-refrigeration\/"},"modified":"2025-11-25T22:15:51","modified_gmt":"2025-11-25T21:15:51","slug":"p-84-the-art-of-refrigeration","status":"publish","type":"page","link":"https:\/\/www.thermodynamx.ch\/en\/p-84-the-art-of-refrigeration\/","title":{"rendered":"P-84: The Art of Refrigeration"},"content":{"rendered":"\n\t<section id=\"intro-text-block_9425e6fd30883ccef7a42b5b344cbd56\" class=\"intro-text\">\n\t\t<div class=\"container\">\n\n\t\t\t<h1><span style=\"font-size: 70px;\">P-84: The Art of Refrigeration<\/span><\/h1>\n<h4><\/h4>\n<div class=\"col sqs-col-4 span-4\">\n<div id=\"block-359f1e16eafa34314fc9\" class=\"sqs-block html-block sqs-block-html\" data-block-type=\"2\" data-sqsp-block=\"text\">\n<div class=\"sqs-block-content\">\n<div class=\"sqs-html-content\" data-sqsp-text-block-content=\"\">\n<h3>Tieftemperaturk\u00fchlung mit nur 1 Kompressorstufe<\/h3>\n<\/div>\n<\/div>\n<\/div>\n<\/div>\n<div class=\"col sqs-col-4 span-4\">\n<div id=\"block-dfb75941c3e7bb6b277f\" class=\"sqs-block html-block sqs-block-html\" data-block-type=\"2\" data-sqsp-block=\"text\">\n<div class=\"sqs-block-content\">\n<div class=\"sqs-html-content\" data-sqsp-text-block-content=\"\">\n<h3>-90\u00b0C bei einem Druckverh\u00e4ltnis unter 10<\/h3>\n<\/div>\n<\/div>\n<\/div>\n<\/div>\n<div class=\"col sqs-col-4 span-4\">\n<div id=\"block-642660b9ba351b6b5d1c\" class=\"sqs-block html-block sqs-block-html\" data-block-type=\"2\" data-sqsp-block=\"text\">\n<div class=\"sqs-block-content\">\n<div class=\"sqs-html-content\" data-sqsp-text-block-content=\"\">\n<h3>300 W K\u00e4lteleistung @ -84\u00b0C, 100 g nat\u00fcrliches K\u00e4ltemittel, 0.13 m\u00b3 Bauraum<\/h3>\n<\/div>\n<\/div>\n<\/div>\n<\/div>\n<img decoding=\"async\" src=\"https:\/\/www.thermodynamx.ch\/wp-content\/uploads\/images\/ArtOfRefrigeration.png\" alt=\"\" \/>\n\t\t<\/div>\n\t\t<!-- \/.container -->\n\n\t\t<div class=\"intro-text-bottom\"><div class=\"container container--narrow\"><div class=\"image-title-wrapper\">\n<div class=\"image-title sqs-dynamic-text\" data-width-percentage=\"31.3\">\n<h2>Nur eine handvoll Personen weltweit kennen sich mit dieser Art der K\u00fchltechnologie aus.<\/h2>\n<\/div>\n<\/div>\n<div class=\"image-subtitle-wrapper\">\n<div class=\"image-subtitle sqs-dynamic-text\" data-width-percentage=\"31.3\">\n<p class=\"sqsrte-large\">ThermodynamX kann die K\u00fchltechnologie kundenspezifisch auf die ben\u00f6tigte Leistung und die Einsatztemperaturen skalieren<\/p>\n<\/div>\n<div class=\"col sqs-col-6 span-6\">\n<div id=\"block-e605b9639de3124b3ca8\" class=\"sqs-block html-block sqs-block-html\" data-block-type=\"2\" data-sqsp-block=\"text\">\n<div class=\"sqs-block-content\">\n<div class=\"sqs-html-content\" data-sqsp-text-block-content=\"\">\n<h4>Technische Angaben: Prototyp<\/h4>\n<ul data-rte-list=\"default\">\n<li>\n<p class=\"\">K\u00e4lteleistung: 300 W<\/p>\n<\/li>\n<li>\n<p class=\"\">Verdampfungstemp.: -84 \u00b0C<\/p>\n<\/li>\n<li>\n<p class=\"\">F\u00fcllmenge:\u00a0&lt; 150 g<\/p>\n<\/li>\n<\/ul>\n<\/div>\n<\/div>\n<\/div>\n<\/div>\n<div class=\"col sqs-col-6 span-6\">\n<div id=\"block-bd2546ca5e6d1d1c54f6\" class=\"sqs-block html-block sqs-block-html\" data-block-type=\"2\" data-sqsp-block=\"text\">\n<div class=\"sqs-block-content\">\n<div class=\"sqs-html-content\" data-sqsp-text-block-content=\"\">\n<h4>Besondere Merkmale<\/h4>\n<ul data-rte-list=\"default\">\n<li>\n<p class=\"\">Hermetisch dicht<\/p>\n<\/li>\n<li>\n<p class=\"\">Einstufiger Verdichtungsprozess<\/p>\n<\/li>\n<li>\n<p class=\"\">100 % nat\u00fcrliche K\u00e4ltemittel<\/p>\n<\/li>\n<\/ul>\n<\/div>\n<\/div>\n<\/div>\n<\/div>\n<\/div>\n<\/div>\n\t\t\t<!-- \/.container container--narrow --><\/div><!-- \/.intro-text-bottom -->\n\t\t\t<\/section> <!--  .intro-text -->\n\n\n\n\n\t\t<section id=\"content-block_e186c2999426c6140a94a6dadc341d8a\" class=\"content\" style=\"background-color: #FFFFFF;\">\n\t\t\t<div class=\"container\">\n\t\t\t\t<div class=\"flex-row\">\n\n\t\t\t\t\t\n\t\t\t\t\t\t<div class=\"col-6@md\">\n\n\t\t\t\t\t\t\t<h4>Die Situation<\/h4>\n<p class=\"\">Im Jahre 1934 wurde erstmalig ein Ansatz patentiert, der vorsah mit nur einer Kompressorstufe in einem neuartigen Kreisprozess Temperaturen im Bereich -100\u00b0C zu erreichen. In diesem Patent von W.J. Podbielniak fand die sogenannte Autokaskade ihren Ursprung. Verglichen mit einer konventionellen Kaskadenschaltung von zwei oder mehr K\u00e4ltekreisen, ist nur ein Kompressor f\u00fcr Tieftemperatur-K\u00fchlungen erforderlich. Bauraum und Gewicht sind dadurch geringer, Ansteuerung, System\u00fcberwachung und -Wartung vereinfachen sich wesentlich. Wir m\u00f6chten, dass unsere Kunden von diesen Potenzialen profitieren k\u00f6nnen.<\/p>\n<p>&nbsp;<\/p>\n\t\t\t\t\t\t<\/div>\n\t\t\t\t\t\t<!--  .col-6@md -->\n\n\t\t\t\t\t\n\t\t\t\t\t\t<div class=\"col-6@md\">\n\n\t\t\t\t\t\t\t<h4>Die Herausforderung<\/h4>\n<p class=\"\">Nur wenige Personen weltweit kennen sich heute mit dieser Art des K\u00e4ltekreises aus. Diese Menschen haben sich ihr Wissen \u00fcber Jahre in Experimenten im Rahmen der Evolution der Autokaskade in den 1970er Jahren angeeignet. Nur wenige Unternehmen bringen den Kreislauf in spezifischen Ger\u00e4ten zur Anwendung (bspw. Polycold) und halten ihr Wissen um die Auslegung gesch\u00fctzt und geheim. Es gibt kein Buch, welches die Autokaskade in all ihren Eigenheiten beschreibt und sie wird nicht an den Schulen gelehrt. Folgende H\u00fcrden mussten wir \u00fcberwinden:<\/p>\n<ul data-rte-list=\"default\">\n<li>\n<p class=\"\">Unbekannte K\u00e4ltemittel-Mischungsverh\u00e4ltnisse<\/p>\n<\/li>\n<li>\n<p class=\"\">Einsatz von 100% nat\u00fcrlichen K\u00e4ltemittel<\/p>\n<\/li>\n<li>\n<p class=\"\">F\u00fcllmenge &lt; 150g<\/p>\n<\/li>\n<li>\n<p class=\"\">Reproduzierbar und skalierbares Ergebnis<\/p>\n<\/li>\n<\/ul>\n\t\t\t\t\t\t<\/div>\n\t\t\t\t\t\t<!--  .col-6@md -->\n\n\t\t\t\t\t\n\t\t\t\t\t\t<div class=\"col-12\">\n\n\t\t\t\t\t\t\t<h4>Unser Vorgehen<\/h4>\n<p class=\"\">Wir haben uns \u00fcber Monate mit den verschiedenen Patenten und Informationen aus unterschiedlichsten Quellen auseinandergesetzt. Wir haben uns selbst intensiv mit der Thematik befasst und mittels thermodynamischen Simulationen diverse Kreislaufvarianten theoretisch verglichen. Theorie allein reicht nicht aus, um die Funktion und Leistungsf\u00e4higkeit zu beweisen. Im Herbst 2019 nahmen wir deshalb unseren ersten Prototypen \u2014 P-84, Mark I \u2014 in Betrieb. 300 W auf einem Temperaturniveau von -84 \u00b0C sollte er in einem Bauraum von 0.5 x 0.5 x 0.5 m\u00b3 erreichen.<\/p>\n\t\t\t\t\t\t<\/div>\n\t\t\t\t\t\t<!--  .col-12 -->\n\n\t\t\t\t\t\n\t\t\t\t\t\t<div class=\"col-12\">\n\n\t\t\t\t\t\t\t<h4><strong>Die L\u00f6sung<\/strong><\/h4>\n<p class=\"\">Nach sechsmonatiger Test- und Optimierungsphase konnten wir unsere Anforderung von 300 W mit einer F\u00fcllmenge im Bereich von 100g erreichen. Vor allem die F\u00fcllmenge ist essenziell f\u00fcr die k\u00fcnftigen Ger\u00e4teentwicklungen mit nat\u00fcrlichen K\u00e4ltemitteln.<\/p>\n<p class=\"\">Unser erkl\u00e4rtes Ziel, den Autokaskaden-Ansatz f\u00fcr Kundenentwicklungen anbieten zu k\u00f6nnen, haben wir erreicht. Wir arbeiten kontinuierlich daran, uns in dieser Thematik weiterzuentwickeln und die Anwendungsm\u00f6glichkeiten zu entdecken. Mit dem Kreislauf lassen sich k\u00fchne W\u00fcnsche erf\u00fcllen. Die Einarbeit war eine der herausforderndsten Erfahrungen seit dem Bestehen von ThermodynamX<\/p>\n\t\t\t\t\t\t<\/div>\n\t\t\t\t\t\t<!--  .col-12 -->\n\n\t\t\t\t\t\n\t\t\t\t<\/div>\n\t\t\t\t<!--  .flex-row -->\n\t\t\t<\/div> <!--  .container -->\n\n\t\t\t\n\t\t<style>\n\t\t\tsection#content-block_e186c2999426c6140a94a6dadc341d8a {\n\t\t\t\tpadding-bottom:154px;\t\t\t}\n\t\t\t\/* TABLET *\/\n\t\t\t@media only screen and (max-width: 768px) {\n\t\t\t\tsection#content-block_e186c2999426c6140a94a6dadc341d8a {\n\t\t\t\t\tpadding-bottom:20px;\t\t\t\t}\n\t\t\t}\n\t\t\t\/* MOBILE *\/\n\t\t\t@media only screen and (max-width: 600px) {\n\t\t\t\tsection#content-block_e186c2999426c6140a94a6dadc341d8a {\n\t\t\t\t\t\t\t\t\t}\n\t\t\t}\n\t\t<\/style>\n\n\t\t\t<\/section>\n\t\t<!--  .content -->\n\n\t\n\n\n\t\t<section id=\"content-block_2046aa097c8354b8c83c93ecb5f52bbe\" class=\"content\" style=\"background-color: #f9f9f9;\">\n\t\t\t<div class=\"container\">\n\t\t\t\t<div class=\"flex-row\">\n\n\t\t\t\t\t\n\t\t\t\t\t\t<div class=\"col-12\">\n\n\t\t\t\t\t\t\t<h2 style=\"text-align: center;\"><span class=\"sqsrte-text-color--custom\" style=\"font-size: 70px;\"><strong>K\u00fchle L\u00f6sungen f\u00fcr heisse Ergebnisse.<\/strong><\/span><\/h2>\n<p style=\"text-align: center;\">Wir treten immer dann auf den Plan, wenn thermisch komplexe,<br \/>\nnachhaltige und marktreife L\u00f6sungen gesucht werden.<\/p>\n<p style=\"text-align: center;\"><a class=\"btn btn-primary\" href=\"http:\/\/www.thermodynamx.ch\/angebote\/\" target=\"_blank\" rel=\"noopener\">Unser Angebot<\/a><\/p>\n\t\t\t\t\t\t<\/div>\n\t\t\t\t\t\t<!--  .col-12 -->\n\n\t\t\t\t\t\n\t\t\t\t<\/div>\n\t\t\t\t<!--  .flex-row -->\n\t\t\t<\/div> <!--  .container -->\n\n\t\t\t\n\t\t<style>\n\t\t\tsection#content-block_2046aa097c8354b8c83c93ecb5f52bbe {\n\t\t\t\tpadding-bottom:80px;\t\t\t}\n\t\t\t\/* TABLET *\/\n\t\t\t@media only screen and (max-width: 768px) {\n\t\t\t\tsection#content-block_2046aa097c8354b8c83c93ecb5f52bbe {\n\t\t\t\t\t\t\t\t\t}\n\t\t\t}\n\t\t\t\/* MOBILE *\/\n\t\t\t@media only screen and (max-width: 600px) {\n\t\t\t\tsection#content-block_2046aa097c8354b8c83c93ecb5f52bbe {\n\t\t\t\t\t\t\t\t\t}\n\t\t\t}\n\t\t<\/style>\n\n\t\t\t<\/section>\n\t\t<!--  .content -->\n\n\t","protected":false},"excerpt":{"rendered":"","protected":false},"author":5,"featured_media":0,"parent":0,"menu_order":0,"comment_status":"closed","ping_status":"closed","template":"","meta":{"_acf_changed":false,"_seopress_robots_primary_cat":"","_seopress_titles_title":"P-84: Die Kunst der K\u00e4ltetechnik","_seopress_titles_desc":"Pr\u00e4zision, Innovation und Effizienz \u2013 entdecken Sie das P-84 System.","_seopress_robots_index":"","footnotes":""},"class_list":["post-1733","page","type-page","status-publish","hentry","no-post-thumbnail","post-count-1"],"acf":[],"_links":{"self":[{"href":"https:\/\/www.thermodynamx.ch\/en\/wp-json\/wp\/v2\/pages\/1733","targetHints":{"allow":["GET"]}}],"collection":[{"href":"https:\/\/www.thermodynamx.ch\/en\/wp-json\/wp\/v2\/pages"}],"about":[{"href":"https:\/\/www.thermodynamx.ch\/en\/wp-json\/wp\/v2\/types\/page"}],"author":[{"embeddable":true,"href":"https:\/\/www.thermodynamx.ch\/en\/wp-json\/wp\/v2\/users\/5"}],"replies":[{"embeddable":true,"href":"https:\/\/www.thermodynamx.ch\/en\/wp-json\/wp\/v2\/comments?post=1733"}],"version-history":[{"count":3,"href":"https:\/\/www.thermodynamx.ch\/en\/wp-json\/wp\/v2\/pages\/1733\/revisions"}],"predecessor-version":[{"id":2102,"href":"https:\/\/www.thermodynamx.ch\/en\/wp-json\/wp\/v2\/pages\/1733\/revisions\/2102"}],"wp:attachment":[{"href":"https:\/\/www.thermodynamx.ch\/en\/wp-json\/wp\/v2\/media?parent=1733"}],"curies":[{"name":"wp","href":"https:\/\/api.w.org\/{rel}","templated":true}]}}